{"id":74,"date":"2016-03-11T12:33:36","date_gmt":"2016-03-11T11:33:36","guid":{"rendered":"http:\/\/www.aufkleber-druck-profi.de\/?page_id=74"},"modified":"2017-10-09T13:28:49","modified_gmt":"2017-10-09T11:28:49","slug":"1-farbig-4-farbig","status":"publish","type":"page","link":"http:\/\/etiketten-druck-profi.de\/?page_id=74","title":{"rendered":"1-farbig, 4-farbig"},"content":{"rendered":"<p>Neben den Druckfarben, die auf das gew\u00e4hlte Papier gedruckt werden, gibt es auch fu\u0308r das Tr\u00e4germaterial bereits von Seiten der Hersteller eine Vielzahl an Farben. Das g\u00e4ngiste Material fu\u0308r Etiketten ist natu\u0308rlich wei\u00df. Zus\u00e4tzlich werden silber, gold und auch div. Neonfarben angeboten. Dieses Grundmaterial kann in nahezu allen Farben und Kundenwu\u0308nschen bedruckt werden.<\/p>\n<p>Zur Bedruckung der Etiketten: Der 4-Farbdruck kommt immer mehr zum Einsatz, da die Kosten in den letzten Jahren mehr und mehr gesunken sind. Waren in der Vergangenheit 1- oder 2-farbige Etiketten sehr beliebt, kommt heute fast ausschlie\u00dflich der 4-Farbdruck zum Einsatz.<\/p>\n<p>Aus den Grundfarben C-M-Y-K (das sind die Druckfarben: Cyan \u2013 Magenta \u2013 Yellow \u2013 Black) lassen sich fast alle Farben (und hell-\/dunkel- Schattierungen) herstellen. Im C-M-Y-K Farbspektrum fehlen nur noch die Metallschmuckfarben (gold, silber, &#8230;) und Neonfarben. Diese k\u00f6nnen bei Bedarf als Sonderfarben zugesteuert werden.<\/p>\n<p>Eine Zwei-Farbigkeit l\u00e4sst sich auf zwei Wegen herstellen: Entweder wird wei\u00dfes Etikettenpapier als Tr\u00e4germaterial verwendet, dass 2-farbig (gelb und schwarz) bedruckt wird. Es ist jedoch auch m\u00f6glich, ein gelbes Tr\u00e4germaterial zu verwenden, dass 1-farbig schwarz bedruckt wird. Welche Variante die beste ist, l\u00e4sst sich schnell in einem Gespr\u00e4ch mit der Druckerei feststellen. Das ist von den zu verwendenen Farben, der Auflage und der Gr\u00f6\u00dfe der Etiketten abh\u00e4ngig.<\/p>\n<p>Grunds\u00e4tzlich kann aber zur Mehrfarbigkeit geraten werden, da immer mehr Druckereien die Druckauftr\u00e4ge sammeln und auf einer Druckform mehrere Auftr\u00e4ge gleichzeitig drucken. Dadurch wird der 4-Farbdruck immer preiswerter.<\/p>\n","protected":false},"excerpt":{"rendered":"<p>Neben den Druckfarben, die auf das gew\u00e4hlte Papier gedruckt werden, gibt es auch fu\u0308r das Tr\u00e4germaterial bereits von Seiten der<\/p>\n","protected":false},"author":1,"featured_media":0,"parent":0,"menu_order":0,"comment_status":"closed","ping_status":"closed","template":"","meta":{"footnotes":""},"_links":{"self":[{"href":"http:\/\/etiketten-druck-profi.de\/index.php?rest_route=\/wp\/v2\/pages\/74"}],"collection":[{"href":"http:\/\/etiketten-druck-profi.de\/index.php?rest_route=\/wp\/v2\/pages"}],"about":[{"href":"http:\/\/etiketten-druck-profi.de\/index.php?rest_route=\/wp\/v2\/types\/page"}],"author":[{"embeddable":true,"href":"http:\/\/etiketten-druck-profi.de\/index.php?rest_route=\/wp\/v2\/users\/1"}],"replies":[{"embeddable":true,"href":"http:\/\/etiketten-druck-profi.de\/index.php?rest_route=%2Fwp%2Fv2%2Fcomments&post=74"}],"version-history":[{"count":3,"href":"http:\/\/etiketten-druck-profi.de\/index.php?rest_route=\/wp\/v2\/pages\/74\/revisions"}],"predecessor-version":[{"id":303,"href":"http:\/\/etiketten-druck-profi.de\/index.php?rest_route=\/wp\/v2\/pages\/74\/revisions\/303"}],"wp:attachment":[{"href":"http:\/\/etiketten-druck-profi.de\/index.php?rest_route=%2Fwp%2Fv2%2Fmedia&parent=74"}],"curies":[{"name":"wp","href":"https:\/\/api.w.org\/{rel}","templated":true}]}}