{"id":177,"date":"2016-03-16T16:19:17","date_gmt":"2016-03-16T15:19:17","guid":{"rendered":"http:\/\/www.aufkleber-druck-profi.de\/?page_id=177"},"modified":"2017-10-10T13:02:57","modified_gmt":"2017-10-10T11:02:57","slug":"fur-innen-und-aussen","status":"publish","type":"page","link":"http:\/\/etiketten-druck-profi.de\/?page_id=177","title":{"rendered":"F\u00fcr innen und au\u00dfen"},"content":{"rendered":"<p>Fu\u0308r alle Einsatzzwecke sind Etiketten erh\u00e4ltlich. Ob Indoor oder Outdoor. Hier eine \u00dcbersicht der Einsatzbereiche:<\/p>\n<p>Indoor-Einsatz<br \/>\nDiese Etiketten eignen sich, wie es der Name bereits verr\u00e4t, besonders fu\u0308r den Indoor-Einsatz. Es kommen spezielle Papiere und Folien zum<br \/>\nEinsatz, die bedruckbar sind.<\/p>\n<p>Material<br \/>\nVom leichten 72 g Haftpapier u\u0308ber das beliebte 90 g Haftpapier bis hin zum 450 g Karton kommen nahezu alle g\u00e4ngigen Papiere und Kartons<br \/>\nzum Einsatz. Haupts\u00e4chlich werden jedoch Papiere mit einer Grammatur von 80 g und 90 g verwendet, da diese preisgu\u0308nstig sind und<br \/>\nsich zudem auf fast allen Untergru\u0308nden aufbringen lassen. Zus\u00e4tzlich werden einige Papiere mit Ru\u0308ckseitenschlitzung angeboten (zum besseren<br \/>\nAbl\u00f6sen der Etiketten vom Tr\u00e4germaterial ist die Ru\u0308ckseite vorgeschlitzt).<\/p>\n<p>Grundmaterialien<br \/>\nZahlreiche Materialien stehen dem Anwender zur Verfu\u0308gung und er\u00f6ffnen viele M\u00f6glichkeiten in der Anwendung.<\/p>\n<p>&#8211; Transparente Etiketten<br \/>\nViele Vorteile vereinen die transparenten Etiketten gegenu\u0308ber anderen Varianten. So sind sie beispielweise beideitig bedruck- und lesbar.<br \/>\nAber auch auf anderen Tr\u00e4germaterialien verdecken die transparenten Etiketten nicht den Originaluntergrund, weil sie ihn durchscheinen lassen.<br \/>\nAuch die Positionierung auf der Tr\u00e4gerfl\u00e4che kann ohne Ablenkung erfolgen.<\/p>\n<p>&#8211; Haftfolie<br \/>\nAls PVC-Haftfolie sind die Etiketten immer dann die richtige Materialwahl, wenn es auf besonders robuste, langlebige und wetterbest\u00e4ndige<br \/>\nEtiketten ankommt. Heute wird h\u00e4ufig auf Haftfolien-Etiketten zuru\u0308ckgegriffen, wenn besonder Beanspruchungen vorliegen, zum Beispiel in<br \/>\nder Industrie zur Kennzeichnung von Maschinen. Aber auch im Au\u00dfenbereich, um auf Gefahrenstellen aufmerksam zu machen, kommen sie<br \/>\nzur Anwendung.<\/p>\n<p>Wie best\u00e4ndig Etiketten werden sollen, kann durch unterschiedliche Druckverfahren beeinflusst werden. Fu\u0308r kurzfristige Anwendungen (bis<br \/>\nmax. 3 Monate) eignet sich der Offsetdruck. Fu\u0308r mittel- bis langfristige Anwendungen bietet sich der Digitaldruck (ca. 3-5 Jahre) oder Siebdruck<br \/>\n(ca. 7 Jahre) an. Wenn die Etiketten also besonders robust und witterungsbest\u00e4ndig sein sollen oder mu\u0308ssen, sind diese beiden Druckverfahren<br \/>\ndie richtige Wahl.<\/p>\n<p>&#8211; Umweltfreundlichkeit<br \/>\nDie zunehmende Anzahl an umweltfreundlichen Etiketten -Materialien k\u00f6nnen bedenkenlos fu\u0308r die unterschiedlichsten Einsatzzwecke verwendet<br \/>\nwerden. Durch diese Resourcen schonenden Produkte wird der wertvolle Materialkreislauf besonders umweltschonend unterstu\u0308tzt,<br \/>\nda die Etiketten recycelbar sind. So kann die Werbung auch ohne ein schlechtes Gewissen u\u0308ber einen langen Zeitraum verwendet werden.<\/p>\n<p>Farben<br \/>\nDas g\u00e4ngiste Material fu\u0308r Etiketten wird in den Farben wei\u00df, silber und gold angeboten, zus\u00e4tzlich auch Sonderfarben (div. Neonfarben).<br \/>\nDieses Grundmaterial kann in nahezu allen Farben und Kundenwu\u0308nschen bedruckt werden.<br \/>\nFu\u0308r welche Untergru\u0308nde geeignet?<br \/>\nPapiere fu\u0308r den Indoor-Bereich eignen sich fu\u0308r alle glatten Untergru\u0308nde aus Holz, Kunststoff und Metall.<\/p>\n<p>Outdoor-Einsatz<br \/>\nVerlagern Sie Ihre Werbung nach drau\u00dfen. Denn diese Etiketten sind besonders fu\u0308r den Einsatz unter freiem Himmel geeignet, sie trotzen<br \/>\nWind und Wetter. Es kommt in erster Linie ein PVC-Tr\u00e4germaterial zum Einsatz, das zus\u00e4tzlich mit einem speziellen UV-Lack versiegelt wird.<br \/>\nDie PVC-Folie gibt es in den Farbvarianten wei\u00df, silber und transparent.<\/p>\n<p>Material<br \/>\nBei der Folie wird statt g (Gramm) in \u03bcm (Mikrometer) gesprochen. Haupts\u00e4chlich kommen Folien mit 60\u03bcm und 90\u03bcm zum Einsatz.<br \/>\nDiese Materialst\u00e4rken sind preisgu\u0308nstig sind zudem besonders gut zum Anbringen auf den unterschiedlichsten Untergru\u0308nden geeignet.<\/p>\n<p>Farben<br \/>\nDie PVC-Folien werden grunds\u00e4tzlich in Wei\u00df, Silber und Transparent von der Industrie geliefert. Werden Sonderfarben gewu\u0308nscht (bspw. Neonfarben,<br \/>\nGold etc), kann ein mehrfarbiger Aufdruck gew\u00e4hlt werden, so dass Sie am Ende des Produktionsvorgangs die von Ihnen gewu\u0308nschte<br \/>\nFarbe erhalten.<\/p>\n<p>Fu\u0308r welche Untergru\u0308nde geeignet?<br \/>\nAuch die Outdoor-Etiketten eignen sich grunds\u00e4tzlich fu\u0308r die selben Untergru\u0308nde wie die Indoor-Etiketten. Also alle glatten Untergru\u0308nde aus<br \/>\nHolz, Kunststoff, Metall. Zus\u00e4tzlich eignen sich auch zur dauerhaften Beklebung an Maschinen, Messest\u00e4nden, Theken, Fahrzeugen, Anh\u00e4ngern,<br \/>\nusw.<\/p>\n","protected":false},"excerpt":{"rendered":"<p>Fu\u0308r alle Einsatzzwecke sind Etiketten erh\u00e4ltlich. Ob Indoor oder Outdoor. Hier eine \u00dcbersicht der Einsatzbereiche: Indoor-Einsatz Diese Etiketten eignen sich,<\/p>\n","protected":false},"author":1,"featured_media":0,"parent":0,"menu_order":0,"comment_status":"closed","ping_status":"closed","template":"","meta":{"footnotes":""},"_links":{"self":[{"href":"http:\/\/etiketten-druck-profi.de\/index.php?rest_route=\/wp\/v2\/pages\/177"}],"collection":[{"href":"http:\/\/etiketten-druck-profi.de\/index.php?rest_route=\/wp\/v2\/pages"}],"about":[{"href":"http:\/\/etiketten-druck-profi.de\/index.php?rest_route=\/wp\/v2\/types\/page"}],"author":[{"embeddable":true,"href":"http:\/\/etiketten-druck-profi.de\/index.php?rest_route=\/wp\/v2\/users\/1"}],"replies":[{"embeddable":true,"href":"http:\/\/etiketten-druck-profi.de\/index.php?rest_route=%2Fwp%2Fv2%2Fcomments&post=177"}],"version-history":[{"count":5,"href":"http:\/\/etiketten-druck-profi.de\/index.php?rest_route=\/wp\/v2\/pages\/177\/revisions"}],"predecessor-version":[{"id":313,"href":"http:\/\/etiketten-druck-profi.de\/index.php?rest_route=\/wp\/v2\/pages\/177\/revisions\/313"}],"wp:attachment":[{"href":"http:\/\/etiketten-druck-profi.de\/index.php?rest_route=%2Fwp%2Fv2%2Fmedia&parent=177"}],"curies":[{"name":"wp","href":"https:\/\/api.w.org\/{rel}","templated":true}]}}