{"id":173,"date":"2016-03-16T16:18:31","date_gmt":"2016-03-16T15:18:31","guid":{"rendered":"http:\/\/www.aufkleber-druck-profi.de\/?page_id=173"},"modified":"2017-10-09T10:27:04","modified_gmt":"2017-10-09T08:27:04","slug":"verarbeitung","status":"publish","type":"page","link":"http:\/\/etiketten-druck-profi.de\/?page_id=173","title":{"rendered":"Die Verarbeitung"},"content":{"rendered":"<p>In der Weiterverarbeitung k\u00f6nnen Etiketten noch entscheidend aufgewertet werden. Hier einige Beispiele:<\/p>\n<p>Partielle Veredelungen<br \/>\nAuf Wunsch k\u00f6nnen Etiketten veredelt werden. Zum Beispiel seidenmatt oder mit einer partiellem UV-Lack Veredelung. So k\u00f6nnen auch<br \/>\npunktuelle Bereiche veredelt und somit hervorgehoben werden, weil ein st\u00e4rkerer Kontrast hergestellt wird. Lassen Sie beispielsweise nur die<br \/>\nAbbildung Ihres Produkts matt veredeln und der Rest bleibt gl\u00e4nzend.<\/p>\n<p>Laminierung<br \/>\nDer gro\u00dfe Vorteil laminierter Etiketten liegt in der besonders langen Haltbarkeit. Daher k\u00f6nnen sie vielf\u00e4ltig und dauerhaft eingesetzt werden.<br \/>\nSie eignen sich sowohl fu\u0308r den Innen- als auch fu\u0308r den Au\u00dfenbereich, da die Etiketten wetter- und wasserfest sowie UV-best\u00e4ndig sind.<br \/>\nDank eines speziellen Schutzlaminats sind die individuell gefertigten laminierten Etiketten vor Schmutz und auch vor mechanischer Beanspruchung<br \/>\ngeschu\u0308tzt. Die Etiketten werden auf einer speziellen Polymerfolie unter Zuhilfenahme von umweltfreundlichen Latextinten hergestellt.<br \/>\nWas die Haltbarkeit von laminierten Etiketten angeht, liegen diese ebenfalls weit vorn: sie betr\u00e4gt bis zu 7 Jahre.<\/p>\n<p>Gold-\/Silber-Aufkleber<br \/>\nGold- und Silber-Etiketten sind fu\u0308r besonders festliche bzw. hochwertige Anl\u00e4sse geeignet. H\u00e4ufig werden diese Etiketten als Rollenware geliefert<br \/>\nund dienen als Absender- Etiketten oder zur Kennzeichnung von Mobiliar und hochwertigen Einrichtungsgegenst\u00e4nden (Computer,<br \/>\nMonitore, Drucker, Scanner etc). Auch hier wird unterschieden, ob die Etiketten abl\u00f6sbar oder extrem stark haftend sind.<\/p>\n<p>Sonderfarben<br \/>\nMit Sonderfarben k\u00f6nnen Etiketten eine ganz individuelle Farbwirkung verliehen werden. eine kr\u00e4ftige Sonderfarbe sticht dabei dem Betrachter<br \/>\nins besonders ins Auge, zum Beispiel ein Neongru\u0308n oder ein gl\u00e4nzendes Gold. Hier zeigt der herk\u00f6mmliche Vierfarbdruck, besonders<br \/>\nbei tiefen Gru\u0308n- und Blaut\u00f6nen oder bei leuchtenden Farben wie Neonorange, seine Schw\u00e4chen. Der Druck mit Sonderfarben wesentlich intensiver<br \/>\nund kr\u00e4ftiger.<\/p>\n<p>Sonderfarben mit Effektfarben<br \/>\nWenn Etiketten beispielsweise mit Gold oder Bronze zu einem Eye-Catcher werden sollen, ist ein herk\u00f6mmlicher Vierfarb-Druck nicht m\u00f6glich.<br \/>\nDenn erst durch die Zugabe von speziellen Metallic-Pigmenten sind diese Spezial-Effekte m\u00f6glich. Nur so k\u00f6nnen Farben wie Gold, Silber,<br \/>\nBronce oder andere Metallic-farben imitiert werden.<\/p>\n<p>Metallic- und Glitter-Farben<br \/>\nNicht nur Gold, Silber, Bronze und Messing sind mit speziellen Metallic- und Glitter-Effekten m\u00f6glich. Auch s\u00e4mtliche andere Farben k\u00f6nnen<br \/>\nmit Metallic-Effektfarben realisiert werden.<\/p>\n<p>Leucht-Effekte mit Tagesleuchtfabe<br \/>\nSpezielle Leucht-Effekte sind auch mit Neongru\u0308n, einem leuchtenden, knalligen Orangeton oder einem knackigen Pink m\u00f6glich. Mit Tagesleuchtfarbe<br \/>\nstrahlen Aufkleber in einem neuen Licht!<\/p>\n<p>Nachleuchtende Etiketten<br \/>\nMit einer ganz speziellen phosphoreszierenden Farbe ist es sogar m\u00f6glich, einen Nachleuchteffekt bei Etiketten zu erzeugen. Die spezielle<br \/>\nFarbe kann sich bei Tageslicht \u201eaufladen\u201c und leuchtet dann in der Dunkelheit nach. Die in der Dunkelheit leuchtenden Etiketten werden im<br \/>\nSiebdruck mit nachleuchtender Farbe oder im Digitaldruck direkt auf eine besondere, nachleuchtende Folie hergestellt.<\/p>\n<p>Matte Etiketten<br \/>\nEin mattes Material hat \u201e\u00d6ko\u201c-Charakter, wirkt unaufdringlich und offen \u2013 so, wie seine Struktur. Die naturbelassene Oberfl\u00e4che schmeichelt<br \/>\nder Hand und wirkt zudem seri\u00f6s und vertraulich. Mit einer matten Oberfl\u00e4che setzt sich diese Werbeform von den u\u0308blichen, aufdringlichen<br \/>\nAufklebern ab. Dazu unterstreicht er einen natu\u0308rlichen Charakter. Insbesondere bei Waren-Etiketten (zum Beispiel Honiggl\u00e4ser,<br \/>\nWeinetiketten, Kaffee, Schokolade usw.) sind matte Etiketten ausgesprochen beliebt, da sie sich zudem problemlos beschriften lassen.<br \/>\nMatt wirkt edel &amp; exklusiv. Insbesondere Banken und Versicherungen verwenden h\u00e4ufig matte Materialien zum Veredeln ihrer Produkte. Das<br \/>\nunterstreicht den seri\u00f6sen und vertrauensvollen Eindruck. Die matte Oberfl\u00e4che erzeugt eine dezente, aber edle und somit exklusive Wirkung.<br \/>\nMatt wirkt weich &amp; warm. Die Mattfolie verleiht allen Etiketten eine warme und zuru\u0308ckhaltende Farbwirkung durch eine geringe Reflektion<br \/>\ndes Lichts. Die besondere haptische Wahrnehmung (das Anfu\u0308hlen) der Oberfl\u00e4che wirkt weicher. Denn auf matten Oberfl\u00e4chen haben Reflektionen<br \/>\nkeine Chance. Durch die rauhe Oberfl\u00e4che werden die einfallenden Lichtstrahlen gestreut. Daher ist die Werbeaussage der Etiketten<br \/>\naus jedem Blickwinkel gut zu erkennen. So kann beispielsweise ein Schriftzug sowohl bei starker Sonneneinstrahlung als auch bei bew\u00f6lktem<br \/>\nWetter problemlos gelesen werden. Das ist auch gerade fu\u0308r Fotos sehr wichtig, da keine st\u00f6renden Reflektionen m\u00f6glich sind.<\/p>\n","protected":false},"excerpt":{"rendered":"<p>In der Weiterverarbeitung k\u00f6nnen Etiketten noch entscheidend aufgewertet werden. Hier einige Beispiele: Partielle Veredelungen Auf Wunsch k\u00f6nnen Etiketten veredelt werden.<\/p>\n","protected":false},"author":1,"featured_media":0,"parent":0,"menu_order":0,"comment_status":"closed","ping_status":"closed","template":"","meta":{"footnotes":""},"_links":{"self":[{"href":"http:\/\/etiketten-druck-profi.de\/index.php?rest_route=\/wp\/v2\/pages\/173"}],"collection":[{"href":"http:\/\/etiketten-druck-profi.de\/index.php?rest_route=\/wp\/v2\/pages"}],"about":[{"href":"http:\/\/etiketten-druck-profi.de\/index.php?rest_route=\/wp\/v2\/types\/page"}],"author":[{"embeddable":true,"href":"http:\/\/etiketten-druck-profi.de\/index.php?rest_route=\/wp\/v2\/users\/1"}],"replies":[{"embeddable":true,"href":"http:\/\/etiketten-druck-profi.de\/index.php?rest_route=%2Fwp%2Fv2%2Fcomments&post=173"}],"version-history":[{"count":4,"href":"http:\/\/etiketten-druck-profi.de\/index.php?rest_route=\/wp\/v2\/pages\/173\/revisions"}],"predecessor-version":[{"id":295,"href":"http:\/\/etiketten-druck-profi.de\/index.php?rest_route=\/wp\/v2\/pages\/173\/revisions\/295"}],"wp:attachment":[{"href":"http:\/\/etiketten-druck-profi.de\/index.php?rest_route=%2Fwp%2Fv2%2Fmedia&parent=173"}],"curies":[{"name":"wp","href":"https:\/\/api.w.org\/{rel}","templated":true}]}}